{"id":629,"date":"2026-01-21T14:42:10","date_gmt":"2026-01-21T14:42:10","guid":{"rendered":"https:\/\/www.tempwordpress.studio-abysse.fr\/?page_id=629"},"modified":"2026-02-17T19:09:23","modified_gmt":"2026-02-17T19:09:23","slug":"mentions-legales","status":"publish","type":"page","link":"https:\/\/www.studio-abysse.fr\/index.php\/mentions-legales\/","title":{"rendered":"Mentions l\u00e9gales"},"content":{"rendered":"\t\t<div data-elementor-type=\"wp-page\" data-elementor-id=\"629\" class=\"elementor elementor-629\">\n\t\t\t\t<div class=\"elementor-element elementor-element-a715439 e-con-full e-flex e-con e-parent\" data-id=\"a715439\" data-element_type=\"container\" data-e-type=\"container\">\n\t\t\t\t<div class=\"elementor-element elementor-element-f8d043f elementor-widget elementor-widget-heading\" data-id=\"f8d043f\" data-element_type=\"widget\" data-e-type=\"widget\" data-widget_type=\"heading.default\">\n\t\t\t\t\t<h1 class=\"elementor-heading-title elementor-size-default\">MENTIONS L\u00c9GALES<\/h1>\t\t\t\t<\/div>\n\t\t\t\t<\/div>\n\t\t<div class=\"elementor-element elementor-element-c2e91b0 e-con-full e-flex e-con e-parent\" data-id=\"c2e91b0\" data-element_type=\"container\" data-e-type=\"container\">\n\t\t<div class=\"elementor-element elementor-element-3ae62cf e-con-full e-flex e-con e-child\" data-id=\"3ae62cf\" data-element_type=\"container\" data-e-type=\"container\">\n\t\t\t\t<div class=\"elementor-element elementor-element-fcc5ba8 elementor-widget elementor-widget-heading\" data-id=\"fcc5ba8\" data-element_type=\"widget\" data-e-type=\"widget\" data-widget_type=\"heading.default\">\n\t\t\t\t\t<h2 class=\"elementor-heading-title elementor-size-default\">1. \u00c9DITEUR DU SITE<\/h2>\t\t\t\t<\/div>\n\t\t\t\t<div class=\"elementor-element elementor-element-4eaa3d0 elementor-widget elementor-widget-text-editor\" data-id=\"4eaa3d0\" data-element_type=\"widget\" data-e-type=\"widget\" data-widget_type=\"text-editor.default\">\n\t\t\t\t\t\t\t\t\t<p>Le pr\u00e9sent site web est \u00e9dit\u00e9 par Studio Abysse, soci\u00e9t\u00e9 sp\u00e9cialis\u00e9e dans le doublage et la post-production sonore.<br \/>Raison sociale : Studio Abysse\u2028S.A.S<br \/>Si\u00e8ge social : 9Bis Rue des Bergers, 75015 Paris, France\u2028SIRET : 93180920600010\u2028<br \/>Capital social : 100\u20ac<br \/>Responsable de la publication : William Sidoun-Hivonnet &#8211; Pr\u00e9sident\u2028<br \/>Contact : contact@studio-abysse.fr\u2028<br \/>Site web : https:\/\/studio-abysse.fr,\u00a0<a style=\"font-family: helveticaneueltp-ex, sans-serif; font-size: 16px; font-style: normal; font-variant-ligatures: normal; font-variant-caps: normal; font-weight: 400; background-color: #001941; color: #ffffff;\" href=\"https:\/\/studio-abysse.fr\/?utm_source=chatgpt.com\" target=\"_blank\" rel=\"noopener\" data-fpl-component=\"primitive\">https:\/\/<\/a><span style=\"font-family: helveticaneueltp-ex, sans-serif; font-size: 16px; font-style: normal; font-variant-ligatures: normal; font-variant-caps: normal; font-weight: 400;\">studioabysse.fr,\u00a0<\/span><a style=\"font-family: helveticaneueltp-ex, sans-serif; font-size: 16px; font-style: normal; font-variant-ligatures: normal; font-variant-caps: normal; font-weight: 400; background-color: #001941; color: #ffffff;\" href=\"https:\/\/studio-abysse.fr\/?utm_source=chatgpt.com\" target=\"_blank\" rel=\"noopener\" data-fpl-component=\"primitive\">https:\/\/<\/a><span style=\"font-family: helveticaneueltp-ex, sans-serif; font-size: 16px; font-style: normal; font-variant-ligatures: normal; font-variant-caps: normal; font-weight: 400;\">studioabysse.com<\/span><\/p>\t\t\t\t\t\t\t\t<\/div>\n\t\t\t\t<\/div>\n\t\t<div class=\"elementor-element elementor-element-a971bc0 e-con-full e-flex e-con e-child\" data-id=\"a971bc0\" data-element_type=\"container\" data-e-type=\"container\">\n\t\t\t\t<div class=\"elementor-element elementor-element-69138dc elementor-widget elementor-widget-heading\" data-id=\"69138dc\" data-element_type=\"widget\" data-e-type=\"widget\" data-widget_type=\"heading.default\">\n\t\t\t\t\t<h2 class=\"elementor-heading-title elementor-size-default\">2. H\u00c9BERGEUR DU SITE<\/h2>\t\t\t\t<\/div>\n\t\t\t\t<div class=\"elementor-element elementor-element-83237e8 elementor-widget elementor-widget-text-editor\" data-id=\"83237e8\" data-element_type=\"widget\" data-e-type=\"widget\" data-widget_type=\"text-editor.default\">\n\t\t\t\t\t\t\t\t\t<p><span style=\"white-space-collapse: preserve;\">Le site est h\u00e9berg\u00e9 par :\u2028 OVH\u2028SAS filiale de la soci\u00e9t\u00e9 <span class=\"il\">OVH<\/span> Groupe SAS. Adresse :<\/span><span style=\"white-space-collapse: preserve;\"> 2 rue Kellermann \u2013 59100 Roubaix \u2013 France)<\/span><\/p>\t\t\t\t\t\t\t\t<\/div>\n\t\t\t\t<\/div>\n\t\t<div class=\"elementor-element elementor-element-7627dee e-con-full e-flex e-con e-child\" data-id=\"7627dee\" data-element_type=\"container\" data-e-type=\"container\">\n\t\t\t\t<div class=\"elementor-element elementor-element-1bd0a47 elementor-widget elementor-widget-heading\" data-id=\"1bd0a47\" data-element_type=\"widget\" data-e-type=\"widget\" data-widget_type=\"heading.default\">\n\t\t\t\t\t<h2 class=\"elementor-heading-title elementor-size-default\">3. PROPRI\u00c9T\u00c9 INTELLECTUELLE<\/h2>\t\t\t\t<\/div>\n\t\t\t\t<div class=\"elementor-element elementor-element-16627ef elementor-widget elementor-widget-text-editor\" data-id=\"16627ef\" data-element_type=\"widget\" data-e-type=\"widget\" data-widget_type=\"text-editor.default\">\n\t\t\t\t\t\t\t\t\t<p>L\u2019ensemble des \u00e9l\u00e9ments pr\u00e9sents sur le site <a href=\"https:\/\/studio-abysse.fr?utm_source=chatgpt.com\" target=\"_blank\" rel=\"noopener\" data-fpl-component=\"primitive\">https:\/\/studio-abysse.fr<\/a>,\u00a0<a style=\"font-family: helveticaneueltp-ex, sans-serif; font-size: 16px; font-style: normal; font-variant-ligatures: normal; font-variant-caps: normal; font-weight: 400; background-color: #001941; color: #ffffff;\" href=\"https:\/\/studio-abysse.fr\/?utm_source=chatgpt.com\" target=\"_blank\" rel=\"noopener\" data-fpl-component=\"primitive\">https:\/\/<\/a><span style=\"font-size: 16px;\">studioabysse.fr et\u00a0<\/span><a style=\"font-family: helveticaneueltp-ex, sans-serif; font-size: 16px; font-style: normal; font-variant-ligatures: normal; font-variant-caps: normal; font-weight: 400; background-color: #001941; color: #ffffff;\" href=\"https:\/\/studio-abysse.fr\/?utm_source=chatgpt.com\" target=\"_blank\" rel=\"noopener\" data-fpl-component=\"primitive\">https:\/\/<\/a><span style=\"font-size: 16px;\">studioabysse.com\u00a0(textes, images, graphismes, logo, sons, vid\u00e9os, ic\u00f4nes, structure, etc.) est la propri\u00e9t\u00e9 exclusive de Studio Abysse, sauf mention contraire.<\/span><\/p><p>Toute reproduction, repr\u00e9sentation, modification, publication ou adaptation, totale ou partielle, de ces \u00e9l\u00e9ments, quel que soit le moyen ou le proc\u00e9d\u00e9 utilis\u00e9, est interdite sans autorisation \u00e9crite pr\u00e9alable de Studio Abysse.<\/p><p>Toute exploitation non autoris\u00e9e du site ou de l\u2019un quelconque de ses \u00e9l\u00e9ments sera consid\u00e9r\u00e9e comme constitutive d\u2019une contrefa\u00e7on et poursuivie conform\u00e9ment aux dispositions des articles L.335-2 et suivants du Code de la propri\u00e9t\u00e9 intellectuelle.<\/p>\t\t\t\t\t\t\t\t<\/div>\n\t\t\t\t<\/div>\n\t\t<div class=\"elementor-element elementor-element-6591d1e e-con-full e-flex e-con e-child\" data-id=\"6591d1e\" data-element_type=\"container\" data-e-type=\"container\">\n\t\t\t\t<div class=\"elementor-element elementor-element-62b8648 elementor-widget elementor-widget-heading\" data-id=\"62b8648\" data-element_type=\"widget\" data-e-type=\"widget\" data-widget_type=\"heading.default\">\n\t\t\t\t\t<h2 class=\"elementor-heading-title elementor-size-default\">4. CONTENU DU SITE<\/h2>\t\t\t\t<\/div>\n\t\t\t\t<div class=\"elementor-element elementor-element-3660626 elementor-widget elementor-widget-text-editor\" data-id=\"3660626\" data-element_type=\"widget\" data-e-type=\"widget\" data-widget_type=\"text-editor.default\">\n\t\t\t\t\t\t\t\t\t<p><span style=\"white-space-collapse: preserve;\">Studio Abysse s\u2019efforce d\u2019assurer l\u2019exactitude et la mise \u00e0 jour des informations diffus\u00e9es sur ce site, mais ne peut garantir que celles-ci soient compl\u00e8tes, pr\u00e9cises ou \u00e0 jour.\u2028<\/span><\/p><p><span style=\"white-space-collapse: preserve;\">Le contenu du site est fourni \u00e0 titre informatif et ne saurait engager la responsabilit\u00e9 de Studio Abysse.<\/span><br \/><span style=\"white-space-collapse: preserve;\">Studio Abysse se r\u00e9serve le droit de modifier le contenu du site \u00e0 tout moment et sans pr\u00e9avis.<\/span><\/p>\t\t\t\t\t\t\t\t<\/div>\n\t\t\t\t<\/div>\n\t\t<div class=\"elementor-element elementor-element-05b800b e-con-full e-flex e-con e-child\" data-id=\"05b800b\" data-element_type=\"container\" data-e-type=\"container\">\n\t\t\t\t<div class=\"elementor-element elementor-element-350df84 elementor-widget elementor-widget-heading\" data-id=\"350df84\" data-element_type=\"widget\" data-e-type=\"widget\" data-widget_type=\"heading.default\">\n\t\t\t\t\t<h2 class=\"elementor-heading-title elementor-size-default\">5. RESPONSABILIT\u00c9<\/h2>\t\t\t\t<\/div>\n\t\t\t\t<div class=\"elementor-element elementor-element-ed4139b elementor-widget elementor-widget-text-editor\" data-id=\"ed4139b\" data-element_type=\"widget\" data-e-type=\"widget\" data-widget_type=\"text-editor.default\">\n\t\t\t\t\t\t\t\t\t<p>Studio Abysse ne saurait \u00eatre tenu responsable des dommages directs ou indirects r\u00e9sultant de l\u2019acc\u00e8s ou de l\u2019utilisation du site, y compris l\u2019inaccessibilit\u00e9, les pertes de donn\u00e9es, d\u00e9t\u00e9riorations, destructions ou virus pouvant affecter l\u2019\u00e9quipement informatique de l\u2019utilisateur.<br \/>Des liens hypertextes peuvent renvoyer vers d\u2019autres sites tiers. Studio Abysse n\u2019exerce aucun contr\u00f4le sur ces sites et d\u00e9cline toute responsabilit\u00e9 quant \u00e0 leur contenu.<\/p>\t\t\t\t\t\t\t\t<\/div>\n\t\t\t\t<\/div>\n\t\t<div class=\"elementor-element elementor-element-c8fbe98 e-con-full e-flex e-con e-child\" data-id=\"c8fbe98\" data-element_type=\"container\" data-e-type=\"container\">\n\t\t\t\t<div class=\"elementor-element elementor-element-0975e8e elementor-widget elementor-widget-heading\" data-id=\"0975e8e\" data-element_type=\"widget\" data-e-type=\"widget\" data-widget_type=\"heading.default\">\n\t\t\t\t\t<h2 class=\"elementor-heading-title elementor-size-default\">6. DROIT APPLICABLE<\/h2>\t\t\t\t<\/div>\n\t\t\t\t<div class=\"elementor-element elementor-element-ae0ea4d elementor-widget elementor-widget-text-editor\" data-id=\"ae0ea4d\" data-element_type=\"widget\" data-e-type=\"widget\" data-widget_type=\"text-editor.default\">\n\t\t\t\t\t\t\t\t\t<p>Le pr\u00e9sent site est r\u00e9gi par le droit fran\u00e7ais.<br \/>En cas de litige, et \u00e0 d\u00e9faut de r\u00e9solution amiable, les tribunaux fran\u00e7ais seront seuls comp\u00e9tents.<\/p>\t\t\t\t\t\t\t\t<\/div>\n\t\t\t\t<\/div>\n\t\t\t\t<\/div>\n\t\t\t\t<\/div>\n\t\t","protected":false},"excerpt":{"rendered":"<p>MENTIONS L\u00c9GALES 1. \u00c9DITEUR DU SITE Le pr\u00e9sent site web est \u00e9dit\u00e9 par Studio Abysse, soci\u00e9t\u00e9 sp\u00e9cialis\u00e9e dans le doublage et la post-production sonore.Raison sociale : Studio Abysse\u2028S.A.SSi\u00e8ge social : 9Bis Rue des Bergers, 75015 Paris, France\u2028SIRET : 93180920600010\u2028Capital social : 100\u20acResponsable de la publication : William Sidoun-Hivonnet &#8211; Pr\u00e9sident\u2028Contact : contact@studio-abysse.fr\u2028Site web : https:\/\/studio-abysse.fr,\u00a0https:\/\/studioabysse.fr,\u00a0https:\/\/studioabysse.com [&hellip;]<\/p>\n","protected":false},"author":1,"featured_media":0,"parent":0,"menu_order":0,"comment_status":"closed","ping_status":"closed","template":"","meta":{"footnotes":""},"class_list":["post-629","page","type-page","status-publish","hentry","entry"],"yoast_head":"<!-- This site is optimized with the Yoast SEO plugin v27.3 - https:\/\/yoast.com\/product\/yoast-seo-wordpress\/ -->\n<title>Mentions l\u00e9gales - Studio Abysse<\/title>\n<meta name=\"description\" content=\"Les mentions l\u00e9gales de notre site web indiquent les renseignements l\u00e9gaux de notre studio pour vous permettre de les consulter.\" \/>\n<meta name=\"robots\" content=\"index, follow, max-snippet:-1, max-image-preview:large, max-video-preview:-1\" \/>\n<link rel=\"canonical\" href=\"https:\/\/www.studio-abysse.fr\/index.php\/mentions-legales\/\" \/>\n<meta property=\"og:locale\" content=\"fr_FR\" \/>\n<meta property=\"og:type\" content=\"article\" \/>\n<meta property=\"og:title\" content=\"Mentions l\u00e9gales - Studio Abysse\" \/>\n<meta property=\"og:description\" content=\"Les mentions l\u00e9gales de notre site web indiquent les renseignements l\u00e9gaux de notre studio pour vous permettre de les consulter.\" \/>\n<meta property=\"og:url\" content=\"https:\/\/www.studio-abysse.fr\/index.php\/mentions-legales\/\" \/>\n<meta property=\"og:site_name\" content=\"Studio Abysse\" \/>\n<meta property=\"article:modified_time\" content=\"2026-02-17T19:09:23+00:00\" \/>\n<meta property=\"og:image\" content=\"https:\/\/www.studio-abysse.fr\/wp-content\/uploads\/2026\/02\/abysse-img.png\" \/>\n\t<meta property=\"og:image:width\" content=\"1200\" \/>\n\t<meta property=\"og:image:height\" content=\"675\" \/>\n\t<meta property=\"og:image:type\" content=\"image\/png\" \/>\n<meta name=\"twitter:card\" content=\"summary_large_image\" \/>\n<meta name=\"twitter:site\" content=\"@StudioAbysse\" \/>\n<meta name=\"twitter:label1\" content=\"Dur\u00e9e de lecture estim\u00e9e\" \/>\n\t<meta name=\"twitter:data1\" content=\"2 minutes\" \/>\n<script type=\"application\/ld+json\" class=\"yoast-schema-graph\">{\"@context\":\"https:\\\/\\\/schema.org\",\"@graph\":[{\"@type\":\"WebPage\",\"@id\":\"https:\\\/\\\/www.studio-abysse.fr\\\/index.php\\\/mentions-legales\\\/\",\"url\":\"https:\\\/\\\/www.studio-abysse.fr\\\/index.php\\\/mentions-legales\\\/\",\"name\":\"Mentions l\u00e9gales - Studio Abysse\",\"isPartOf\":{\"@id\":\"https:\\\/\\\/www.studio-abysse.fr\\\/#website\"},\"datePublished\":\"2026-01-21T14:42:10+00:00\",\"dateModified\":\"2026-02-17T19:09:23+00:00\",\"description\":\"Les mentions l\u00e9gales de notre site web indiquent les renseignements l\u00e9gaux de notre studio pour vous permettre de les consulter.\",\"breadcrumb\":{\"@id\":\"https:\\\/\\\/www.studio-abysse.fr\\\/index.php\\\/mentions-legales\\\/#breadcrumb\"},\"inLanguage\":\"fr-FR\",\"potentialAction\":[{\"@type\":\"ReadAction\",\"target\":[\"https:\\\/\\\/www.studio-abysse.fr\\\/index.php\\\/mentions-legales\\\/\"]}]},{\"@type\":\"BreadcrumbList\",\"@id\":\"https:\\\/\\\/www.studio-abysse.fr\\\/index.php\\\/mentions-legales\\\/#breadcrumb\",\"itemListElement\":[{\"@type\":\"ListItem\",\"position\":1,\"name\":\"Home\",\"item\":\"https:\\\/\\\/www.studio-abysse.fr\\\/\"},{\"@type\":\"ListItem\",\"position\":2,\"name\":\"Mentions l\u00e9gales\"}]},{\"@type\":\"WebSite\",\"@id\":\"https:\\\/\\\/www.studio-abysse.fr\\\/#website\",\"url\":\"https:\\\/\\\/www.studio-abysse.fr\\\/\",\"name\":\"Studio Abysse\",\"description\":\"Plongeons au c\u0153ur de vos projets\",\"publisher\":{\"@id\":\"https:\\\/\\\/www.studio-abysse.fr\\\/#organization\"},\"inLanguage\":\"fr-FR\"},{\"@type\":\"Organization\",\"@id\":\"https:\\\/\\\/www.studio-abysse.fr\\\/#organization\",\"name\":\"Studio Abysse\",\"url\":\"https:\\\/\\\/www.studio-abysse.fr\\\/\",\"logo\":{\"@type\":\"ImageObject\",\"inLanguage\":\"fr-FR\",\"@id\":\"https:\\\/\\\/www.studio-abysse.fr\\\/#\\\/schema\\\/logo\\\/image\\\/\",\"url\":\"https:\\\/\\\/www.studio-abysse.fr\\\/wp-content\\\/uploads\\\/2026\\\/01\\\/cropped-cropped-Studio_Abysse_Horizontal_Logo_Full_Color_White-1.png\",\"contentUrl\":\"https:\\\/\\\/www.studio-abysse.fr\\\/wp-content\\\/uploads\\\/2026\\\/01\\\/cropped-cropped-Studio_Abysse_Horizontal_Logo_Full_Color_White-1.png\",\"width\":2113,\"height\":578,\"caption\":\"Studio Abysse\"},\"image\":{\"@id\":\"https:\\\/\\\/www.studio-abysse.fr\\\/#\\\/schema\\\/logo\\\/image\\\/\"},\"sameAs\":[\"https:\\\/\\\/x.com\\\/StudioAbysse\",\"https:\\\/\\\/www.instagram.com\\\/studio_abysse\\\/\",\"https:\\\/\\\/www.linkedin.com\\\/company\\\/studioabysse\\\/\",\"https:\\\/\\\/www.tiktok.com\\\/@studio_abysse\",\"https:\\\/\\\/www.youtube.com\\\/@StudioAbysseFR\"]}]}<\/script>\n<!-- \/ Yoast SEO plugin. -->","yoast_head_json":{"title":"Mentions l\u00e9gales - Studio Abysse","description":"Les mentions l\u00e9gales de notre site web indiquent les renseignements l\u00e9gaux de notre studio pour vous permettre de les consulter.","robots":{"index":"index","follow":"follow","max-snippet":"max-snippet:-1","max-image-preview":"max-image-preview:large","max-video-preview":"max-video-preview:-1"},"canonical":"https:\/\/www.studio-abysse.fr\/index.php\/mentions-legales\/","og_locale":"fr_FR","og_type":"article","og_title":"Mentions l\u00e9gales - Studio Abysse","og_description":"Les mentions l\u00e9gales de notre site web indiquent les renseignements l\u00e9gaux de notre studio pour vous permettre de les consulter.","og_url":"https:\/\/www.studio-abysse.fr\/index.php\/mentions-legales\/","og_site_name":"Studio Abysse","article_modified_time":"2026-02-17T19:09:23+00:00","og_image":[{"width":1200,"height":675,"url":"https:\/\/www.studio-abysse.fr\/wp-content\/uploads\/2026\/02\/abysse-img.png","type":"image\/png"}],"twitter_card":"summary_large_image","twitter_site":"@StudioAbysse","twitter_misc":{"Dur\u00e9e de lecture estim\u00e9e":"2 minutes"},"schema":{"@context":"https:\/\/schema.org","@graph":[{"@type":"WebPage","@id":"https:\/\/www.studio-abysse.fr\/index.php\/mentions-legales\/","url":"https:\/\/www.studio-abysse.fr\/index.php\/mentions-legales\/","name":"Mentions l\u00e9gales - Studio Abysse","isPartOf":{"@id":"https:\/\/www.studio-abysse.fr\/#website"},"datePublished":"2026-01-21T14:42:10+00:00","dateModified":"2026-02-17T19:09:23+00:00","description":"Les mentions l\u00e9gales de notre site web indiquent les renseignements l\u00e9gaux de notre studio pour vous permettre de les consulter.","breadcrumb":{"@id":"https:\/\/www.studio-abysse.fr\/index.php\/mentions-legales\/#breadcrumb"},"inLanguage":"fr-FR","potentialAction":[{"@type":"ReadAction","target":["https:\/\/www.studio-abysse.fr\/index.php\/mentions-legales\/"]}]},{"@type":"BreadcrumbList","@id":"https:\/\/www.studio-abysse.fr\/index.php\/mentions-legales\/#breadcrumb","itemListElement":[{"@type":"ListItem","position":1,"name":"Home","item":"https:\/\/www.studio-abysse.fr\/"},{"@type":"ListItem","position":2,"name":"Mentions l\u00e9gales"}]},{"@type":"WebSite","@id":"https:\/\/www.studio-abysse.fr\/#website","url":"https:\/\/www.studio-abysse.fr\/","name":"Studio Abysse","description":"Plongeons au c\u0153ur de vos projets","publisher":{"@id":"https:\/\/www.studio-abysse.fr\/#organization"},"inLanguage":"fr-FR"},{"@type":"Organization","@id":"https:\/\/www.studio-abysse.fr\/#organization","name":"Studio Abysse","url":"https:\/\/www.studio-abysse.fr\/","logo":{"@type":"ImageObject","inLanguage":"fr-FR","@id":"https:\/\/www.studio-abysse.fr\/#\/schema\/logo\/image\/","url":"https:\/\/www.studio-abysse.fr\/wp-content\/uploads\/2026\/01\/cropped-cropped-Studio_Abysse_Horizontal_Logo_Full_Color_White-1.png","contentUrl":"https:\/\/www.studio-abysse.fr\/wp-content\/uploads\/2026\/01\/cropped-cropped-Studio_Abysse_Horizontal_Logo_Full_Color_White-1.png","width":2113,"height":578,"caption":"Studio Abysse"},"image":{"@id":"https:\/\/www.studio-abysse.fr\/#\/schema\/logo\/image\/"},"sameAs":["https:\/\/x.com\/StudioAbysse","https:\/\/www.instagram.com\/studio_abysse\/","https:\/\/www.linkedin.com\/company\/studioabysse\/","https:\/\/www.tiktok.com\/@studio_abysse","https:\/\/www.youtube.com\/@StudioAbysseFR"]}]}},"_links":{"self":[{"href":"https:\/\/www.studio-abysse.fr\/index.php\/wp-json\/wp\/v2\/pages\/629","targetHints":{"allow":["GET"]}}],"collection":[{"href":"https:\/\/www.studio-abysse.fr\/index.php\/wp-json\/wp\/v2\/pages"}],"about":[{"href":"https:\/\/www.studio-abysse.fr\/index.php\/wp-json\/wp\/v2\/types\/page"}],"author":[{"embeddable":true,"href":"https:\/\/www.studio-abysse.fr\/index.php\/wp-json\/wp\/v2\/users\/1"}],"replies":[{"embeddable":true,"href":"https:\/\/www.studio-abysse.fr\/index.php\/wp-json\/wp\/v2\/comments?post=629"}],"version-history":[{"count":52,"href":"https:\/\/www.studio-abysse.fr\/index.php\/wp-json\/wp\/v2\/pages\/629\/revisions"}],"predecessor-version":[{"id":4201,"href":"https:\/\/www.studio-abysse.fr\/index.php\/wp-json\/wp\/v2\/pages\/629\/revisions\/4201"}],"wp:attachment":[{"href":"https:\/\/www.studio-abysse.fr\/index.php\/wp-json\/wp\/v2\/media?parent=629"}],"curies":[{"name":"wp","href":"https:\/\/api.w.org\/{rel}","templated":true}]}}