{"id":708,"date":"2026-01-21T15:28:46","date_gmt":"2026-01-21T15:28:46","guid":{"rendered":"https:\/\/www.tempwordpress.studio-abysse.fr\/?page_id=708"},"modified":"2026-02-17T14:46:01","modified_gmt":"2026-02-17T14:46:01","slug":"politique-de-confidentialite","status":"publish","type":"page","link":"https:\/\/www.studio-abysse.fr\/index.php\/politique-de-confidentialite\/","title":{"rendered":"Politique de confidentialit\u00e9"},"content":{"rendered":"\t\t<div data-elementor-type=\"wp-page\" data-elementor-id=\"708\" class=\"elementor elementor-708\">\n\t\t\t\t<div class=\"elementor-element elementor-element-8863cac e-con-full e-flex e-con e-parent\" data-id=\"8863cac\" data-element_type=\"container\" data-e-type=\"container\">\n\t\t\t\t<div class=\"elementor-element elementor-element-799b73d elementor-widget elementor-widget-heading\" data-id=\"799b73d\" data-element_type=\"widget\" data-e-type=\"widget\" data-widget_type=\"heading.default\">\n\t\t\t\t\t<h1 class=\"elementor-heading-title elementor-size-default\">POLITIQUE DE CONFIDENTIALIT\u00c9<\/h1>\t\t\t\t<\/div>\n\t\t\t\t<\/div>\n\t\t<div class=\"elementor-element elementor-element-ea6f845 e-con-full e-flex e-con e-parent\" data-id=\"ea6f845\" data-element_type=\"container\" data-e-type=\"container\">\n\t\t<div class=\"elementor-element elementor-element-1641823 e-con-full e-flex e-con e-child\" data-id=\"1641823\" data-element_type=\"container\" data-e-type=\"container\">\n\t\t\t\t<div class=\"elementor-element elementor-element-3367f3d elementor-widget elementor-widget-heading\" data-id=\"3367f3d\" data-element_type=\"widget\" data-e-type=\"widget\" data-widget_type=\"heading.default\">\n\t\t\t\t\t<h2 class=\"elementor-heading-title elementor-size-default\">1. INTRODUCTION<\/h2>\t\t\t\t<\/div>\n\t\t\t\t<div class=\"elementor-element elementor-element-7a73e2b elementor-widget elementor-widget-text-editor\" data-id=\"7a73e2b\" data-element_type=\"widget\" data-e-type=\"widget\" data-widget_type=\"text-editor.default\">\n\t\t\t\t\t\t\t\t\t<p>La pr\u00e9sente politique de confidentialit\u00e9 d\u00e9crit la mani\u00e8re dont Studio Abysse collecte, utilise et prot\u00e8ge les donn\u00e9es personnelles que vous pouvez \u00eatre amen\u00e9 \u00e0 nous transmettre via notre site <a href=\"https:\/\/studio-abysse.fr?utm_source=chatgpt.com\" target=\"_blank\" rel=\"noopener\" data-fpl-component=\"primitive\">https:\/\/studio-abysse.fr<\/a>,\u00a0<a style=\"font-variant-ligatures: normal; font-variant-caps: normal; font-family: helveticaneueltp-ex, sans-serif; font-size: 16px; font-style: normal; font-weight: 400; background-color: #001941; color: #ffffff; transition-property: all;\" href=\"https:\/\/studio-abysse.fr\/?utm_source=chatgpt.com\" target=\"_blank\" rel=\"noopener\" data-fpl-component=\"primitive\">https:\/\/<\/a><span style=\"font-variant-ligatures: normal; font-variant-caps: normal; font-family: helveticaneueltp-ex, sans-serif; font-size: 16px; font-style: normal; font-weight: 400;\">studioabysse.fr,\u00a0<\/span><a style=\"font-variant-ligatures: normal; font-variant-caps: normal; font-family: helveticaneueltp-ex, sans-serif; font-size: 16px; font-style: normal; font-weight: 400; background-color: #001941; color: #ffffff; transition-property: all;\" href=\"https:\/\/studio-abysse.fr\/?utm_source=chatgpt.com\" target=\"_blank\" rel=\"noopener\" data-fpl-component=\"primitive\">https:\/\/<\/a><span style=\"font-variant-ligatures: normal; font-variant-caps: normal; font-family: helveticaneueltp-ex, sans-serif; font-size: 16px; font-style: normal; font-weight: 400;\">studioabysse.com<\/span><br \/>Nous nous engageons \u00e0 traiter ces informations dans le respect du R\u00e8glement G\u00e9n\u00e9ral sur la Protection des Donn\u00e9es (RGPD) et de la l\u00e9gislation fran\u00e7aise en vigueur.<\/p>\t\t\t\t\t\t\t\t<\/div>\n\t\t\t\t<\/div>\n\t\t<div class=\"elementor-element elementor-element-79ac308 e-con-full e-flex e-con e-child\" data-id=\"79ac308\" data-element_type=\"container\" data-e-type=\"container\">\n\t\t\t\t<div class=\"elementor-element elementor-element-d1c7c5f elementor-widget elementor-widget-heading\" data-id=\"d1c7c5f\" data-element_type=\"widget\" data-e-type=\"widget\" data-widget_type=\"heading.default\">\n\t\t\t\t\t<h2 class=\"elementor-heading-title elementor-size-default\">2. RESPONSABLE DU TRAITEMENT<\/h2>\t\t\t\t<\/div>\n\t\t\t\t<div class=\"elementor-element elementor-element-4973d7c elementor-widget elementor-widget-text-editor\" data-id=\"4973d7c\" data-element_type=\"widget\" data-e-type=\"widget\" data-widget_type=\"text-editor.default\">\n\t\t\t\t\t\t\t\t\t<p>Studio Abysse\u2028<br><span style=\"font-family: helveticaneueltp-ex, sans-serif; font-size: 16px; font-style: normal; font-variant-ligatures: normal; font-variant-caps: normal; font-weight: 400;\">Si\u00e8ge social : 9Bis Rue des Bergers, 75015 Paris, France<\/span>\u2028<br>Email : contact@studio-abysse.fr\u2028<br>Repr\u00e9sentant l\u00e9gal : William Sidoun-Hivonnet \u2013 Pr\u00e9sident\u2028<\/p>\t\t\t\t\t\t\t\t<\/div>\n\t\t\t\t<\/div>\n\t\t<div class=\"elementor-element elementor-element-6ba8a4d e-con-full e-flex e-con e-child\" data-id=\"6ba8a4d\" data-element_type=\"container\" data-e-type=\"container\">\n\t\t\t\t<div class=\"elementor-element elementor-element-0cd5090 elementor-widget elementor-widget-heading\" data-id=\"0cd5090\" data-element_type=\"widget\" data-e-type=\"widget\" data-widget_type=\"heading.default\">\n\t\t\t\t\t<h2 class=\"elementor-heading-title elementor-size-default\">3. DONN\u00c9ES COLLECT\u00c9ES<\/h2>\t\t\t\t<\/div>\n\t\t\t\t<div class=\"elementor-element elementor-element-2d7b949 elementor-widget elementor-widget-text-editor\" data-id=\"2d7b949\" data-element_type=\"widget\" data-e-type=\"widget\" data-widget_type=\"text-editor.default\">\n\t\t\t\t\t\t\t\t\t<p><span style=\"white-space-collapse: preserve;\">Nous collectons uniquement les donn\u00e9es n\u00e9cessaires au traitement de vos demandes ou \u00e0 la gestion de nos \u00e9changes.\u2028Les informations susceptibles d\u2019\u00eatre collect\u00e9es sont :<\/span><\/p><ul role=\"list\"><li style=\"white-space-collapse: preserve;\">Nom et pr\u00e9nom<\/li><li style=\"white-space-collapse: preserve;\">Soci\u00e9t\u00e9 (facultatif)<\/li><li style=\"white-space-collapse: preserve;\">Adresse e-mail<\/li><li style=\"white-space-collapse: preserve;\">T\u00e9l\u00e9phone (facultatif)<\/li><li style=\"white-space-collapse: preserve;\">Objet et contenu du message<\/li><li style=\"white-space-collapse: preserve;\">Pi\u00e8ces jointes transmises via le formulaire de contact<\/li><li style=\"white-space-collapse: preserve;\">Consentement au traitement des donn\u00e9es<\/li><li style=\"white-space-collapse: preserve;\">(Le cas \u00e9ch\u00e9ant) abonnement \u00e0 la newsletter<\/li><\/ul><p><span style=\"white-space-collapse: preserve;\">Aucune donn\u00e9e sensible (origine ethnique, opinions politiques, sant\u00e9, etc.) n\u2019est collect\u00e9e ni conserv\u00e9e.<\/span><\/p>\t\t\t\t\t\t\t\t<\/div>\n\t\t\t\t<\/div>\n\t\t<div class=\"elementor-element elementor-element-de5f853 e-con-full e-flex e-con e-child\" data-id=\"de5f853\" data-element_type=\"container\" data-e-type=\"container\">\n\t\t\t\t<div class=\"elementor-element elementor-element-ed0feba elementor-widget elementor-widget-heading\" data-id=\"ed0feba\" data-element_type=\"widget\" data-e-type=\"widget\" data-widget_type=\"heading.default\">\n\t\t\t\t\t<h2 class=\"elementor-heading-title elementor-size-default\">4. FINALIT\u00c9S DU TRAITEMENT<\/h2>\t\t\t\t<\/div>\n\t\t\t\t<div class=\"elementor-element elementor-element-cccbc9f elementor-widget elementor-widget-text-editor\" data-id=\"cccbc9f\" data-element_type=\"widget\" data-e-type=\"widget\" data-widget_type=\"text-editor.default\">\n\t\t\t\t\t\t\t\t\t<p><span style=\"white-space-collapse: preserve;\">Les donn\u00e9es sont collect\u00e9es pour les finalit\u00e9s suivantes :<\/span><\/p><ul role=\"list\"><li style=\"white-space-collapse: preserve;\">R\u00e9pondre \u00e0 vos demandes de contact ou de devis<\/li><li style=\"white-space-collapse: preserve;\">Assurer le suivi commercial ou technique de vos projets<\/li><li style=\"white-space-collapse: preserve;\">G\u00e9rer les relations clients et partenaires<\/li><li style=\"white-space-collapse: preserve;\">Communiquer, si vous y avez consenti, des actualit\u00e9s ou d\u00e9mos du studio<\/li><\/ul>\t\t\t\t\t\t\t\t<\/div>\n\t\t\t\t<\/div>\n\t\t<div class=\"elementor-element elementor-element-bc00ce2 e-con-full e-flex e-con e-child\" data-id=\"bc00ce2\" data-element_type=\"container\" data-e-type=\"container\">\n\t\t\t\t<div class=\"elementor-element elementor-element-b98f975 elementor-widget elementor-widget-heading\" data-id=\"b98f975\" data-element_type=\"widget\" data-e-type=\"widget\" data-widget_type=\"heading.default\">\n\t\t\t\t\t<h2 class=\"elementor-heading-title elementor-size-default\">5. BASE L\u00c9GALE DU TRAITEMENT<\/h2>\t\t\t\t<\/div>\n\t\t\t\t<div class=\"elementor-element elementor-element-5168e8a elementor-widget elementor-widget-text-editor\" data-id=\"5168e8a\" data-element_type=\"widget\" data-e-type=\"widget\" data-widget_type=\"text-editor.default\">\n\t\t\t\t\t\t\t\t\t<p><span style=\"white-space-collapse: preserve;\">Les traitements de donn\u00e9es reposent sur :<\/span><\/p><ul role=\"list\"><li style=\"white-space-collapse: preserve;\">Votre consentement explicite (case \u00e0 cocher lors de l\u2019envoi du formulaire)<\/li><li style=\"white-space-collapse: preserve;\">L\u2019ex\u00e9cution de mesures pr\u00e9contractuelles (\u00e9changes avant signature d\u2019un contrat)<\/li><li style=\"white-space-collapse: preserve;\">L\u2019int\u00e9r\u00eat l\u00e9gitime de Studio Abysse \u00e0 assurer la qualit\u00e9 de son service et la communication avec ses clients.<\/li><\/ul>\t\t\t\t\t\t\t\t<\/div>\n\t\t\t\t<\/div>\n\t\t<div class=\"elementor-element elementor-element-8e8cb92 e-con-full e-flex e-con e-child\" data-id=\"8e8cb92\" data-element_type=\"container\" data-e-type=\"container\">\n\t\t\t\t<div class=\"elementor-element elementor-element-4e18a83 elementor-widget elementor-widget-heading\" data-id=\"4e18a83\" data-element_type=\"widget\" data-e-type=\"widget\" data-widget_type=\"heading.default\">\n\t\t\t\t\t<h2 class=\"elementor-heading-title elementor-size-default\">6. DUR\u00c9E DE CONSERVATION DES DONN\u00c9ES<\/h2>\t\t\t\t<\/div>\n\t\t\t\t<div class=\"elementor-element elementor-element-5d16093 elementor-widget elementor-widget-text-editor\" data-id=\"5d16093\" data-element_type=\"widget\" data-e-type=\"widget\" data-widget_type=\"text-editor.default\">\n\t\t\t\t\t\t\t\t\t<p><span style=\"white-space-collapse: preserve;\">Les donn\u00e9es issues des formulaires de contact sont conserv\u00e9es pendant 12 mois \u00e0 compter de la derni\u00e8re interaction.\u2028Les donn\u00e9es clients (en cas de contrat) peuvent \u00eatre conserv\u00e9es jusqu\u2019\u00e0 5 ans pour des raisons comptables ou l\u00e9gales.\u2028Au-del\u00e0, elles sont supprim\u00e9es ou anonymis\u00e9es.<\/span><\/p>\t\t\t\t\t\t\t\t<\/div>\n\t\t\t\t<\/div>\n\t\t\t\t<\/div>\n\t\t\t\t<\/div>\n\t\t","protected":false},"excerpt":{"rendered":"<p>POLITIQUE DE CONFIDENTIALIT\u00c9 1. INTRODUCTION La pr\u00e9sente politique de confidentialit\u00e9 d\u00e9crit la mani\u00e8re dont Studio Abysse collecte, utilise et prot\u00e8ge les donn\u00e9es personnelles que vous pouvez \u00eatre amen\u00e9 \u00e0 nous transmettre via notre site https:\/\/studio-abysse.fr,\u00a0https:\/\/studioabysse.fr,\u00a0https:\/\/studioabysse.comNous nous engageons \u00e0 traiter ces informations dans le respect du R\u00e8glement G\u00e9n\u00e9ral sur la Protection des Donn\u00e9es (RGPD) et de [&hellip;]<\/p>\n","protected":false},"author":1,"featured_media":0,"parent":0,"menu_order":0,"comment_status":"closed","ping_status":"closed","template":"","meta":{"footnotes":""},"class_list":["post-708","page","type-page","status-publish","hentry","entry"],"yoast_head":"<!-- This site is optimized with the Yoast SEO plugin v27.3 - https:\/\/yoast.com\/product\/yoast-seo-wordpress\/ -->\n<title>Politique de confidentialit\u00e9 - Studio Abysse<\/title>\n<meta name=\"description\" content=\"La pr\u00e9sente politique de confidentialit\u00e9 d\u00e9crit la mani\u00e8re dont Studio Abysse collecte, utilise et prot\u00e8ge les donn\u00e9es personnelles.\" \/>\n<meta name=\"robots\" content=\"index, follow, max-snippet:-1, max-image-preview:large, max-video-preview:-1\" \/>\n<link rel=\"canonical\" href=\"https:\/\/www.studio-abysse.fr\/index.php\/politique-de-confidentialite\/\" \/>\n<meta property=\"og:locale\" content=\"fr_FR\" \/>\n<meta property=\"og:type\" content=\"article\" \/>\n<meta property=\"og:title\" content=\"Politique de confidentialit\u00e9 - Studio Abysse\" \/>\n<meta property=\"og:description\" content=\"La pr\u00e9sente politique de confidentialit\u00e9 d\u00e9crit la mani\u00e8re dont Studio Abysse collecte, utilise et prot\u00e8ge les donn\u00e9es personnelles.\" \/>\n<meta property=\"og:url\" content=\"https:\/\/www.studio-abysse.fr\/index.php\/politique-de-confidentialite\/\" \/>\n<meta property=\"og:site_name\" content=\"Studio Abysse\" \/>\n<meta property=\"article:modified_time\" content=\"2026-02-17T14:46:01+00:00\" \/>\n<meta property=\"og:image\" content=\"https:\/\/www.studio-abysse.fr\/wp-content\/uploads\/2026\/02\/abysse-img.png\" \/>\n\t<meta property=\"og:image:width\" content=\"1200\" \/>\n\t<meta property=\"og:image:height\" content=\"675\" \/>\n\t<meta property=\"og:image:type\" content=\"image\/png\" \/>\n<meta name=\"twitter:card\" content=\"summary_large_image\" \/>\n<meta name=\"twitter:site\" content=\"@StudioAbysse\" \/>\n<meta name=\"twitter:label1\" content=\"Dur\u00e9e de lecture estim\u00e9e\" \/>\n\t<meta name=\"twitter:data1\" content=\"2 minutes\" \/>\n<script type=\"application\/ld+json\" class=\"yoast-schema-graph\">{\"@context\":\"https:\\\/\\\/schema.org\",\"@graph\":[{\"@type\":\"WebPage\",\"@id\":\"https:\\\/\\\/www.studio-abysse.fr\\\/index.php\\\/politique-de-confidentialite\\\/\",\"url\":\"https:\\\/\\\/www.studio-abysse.fr\\\/index.php\\\/politique-de-confidentialite\\\/\",\"name\":\"Politique de confidentialit\u00e9 - Studio Abysse\",\"isPartOf\":{\"@id\":\"https:\\\/\\\/www.studio-abysse.fr\\\/#website\"},\"datePublished\":\"2026-01-21T15:28:46+00:00\",\"dateModified\":\"2026-02-17T14:46:01+00:00\",\"description\":\"La pr\u00e9sente politique de confidentialit\u00e9 d\u00e9crit la mani\u00e8re dont Studio Abysse collecte, utilise et prot\u00e8ge les donn\u00e9es personnelles.\",\"breadcrumb\":{\"@id\":\"https:\\\/\\\/www.studio-abysse.fr\\\/index.php\\\/politique-de-confidentialite\\\/#breadcrumb\"},\"inLanguage\":\"fr-FR\",\"potentialAction\":[{\"@type\":\"ReadAction\",\"target\":[\"https:\\\/\\\/www.studio-abysse.fr\\\/index.php\\\/politique-de-confidentialite\\\/\"]}]},{\"@type\":\"BreadcrumbList\",\"@id\":\"https:\\\/\\\/www.studio-abysse.fr\\\/index.php\\\/politique-de-confidentialite\\\/#breadcrumb\",\"itemListElement\":[{\"@type\":\"ListItem\",\"position\":1,\"name\":\"Home\",\"item\":\"https:\\\/\\\/www.studio-abysse.fr\\\/\"},{\"@type\":\"ListItem\",\"position\":2,\"name\":\"Politique de confidentialit\u00e9\"}]},{\"@type\":\"WebSite\",\"@id\":\"https:\\\/\\\/www.studio-abysse.fr\\\/#website\",\"url\":\"https:\\\/\\\/www.studio-abysse.fr\\\/\",\"name\":\"Studio Abysse\",\"description\":\"Plongeons au c\u0153ur de vos projets\",\"publisher\":{\"@id\":\"https:\\\/\\\/www.studio-abysse.fr\\\/#organization\"},\"inLanguage\":\"fr-FR\"},{\"@type\":\"Organization\",\"@id\":\"https:\\\/\\\/www.studio-abysse.fr\\\/#organization\",\"name\":\"Studio Abysse\",\"url\":\"https:\\\/\\\/www.studio-abysse.fr\\\/\",\"logo\":{\"@type\":\"ImageObject\",\"inLanguage\":\"fr-FR\",\"@id\":\"https:\\\/\\\/www.studio-abysse.fr\\\/#\\\/schema\\\/logo\\\/image\\\/\",\"url\":\"https:\\\/\\\/www.studio-abysse.fr\\\/wp-content\\\/uploads\\\/2026\\\/01\\\/cropped-cropped-Studio_Abysse_Horizontal_Logo_Full_Color_White-1.png\",\"contentUrl\":\"https:\\\/\\\/www.studio-abysse.fr\\\/wp-content\\\/uploads\\\/2026\\\/01\\\/cropped-cropped-Studio_Abysse_Horizontal_Logo_Full_Color_White-1.png\",\"width\":2113,\"height\":578,\"caption\":\"Studio Abysse\"},\"image\":{\"@id\":\"https:\\\/\\\/www.studio-abysse.fr\\\/#\\\/schema\\\/logo\\\/image\\\/\"},\"sameAs\":[\"https:\\\/\\\/x.com\\\/StudioAbysse\",\"https:\\\/\\\/www.instagram.com\\\/studio_abysse\\\/\",\"https:\\\/\\\/www.linkedin.com\\\/company\\\/studioabysse\\\/\",\"https:\\\/\\\/www.tiktok.com\\\/@studio_abysse\",\"https:\\\/\\\/www.youtube.com\\\/@StudioAbysseFR\"]}]}<\/script>\n<!-- \/ Yoast SEO plugin. -->","yoast_head_json":{"title":"Politique de confidentialit\u00e9 - Studio Abysse","description":"La pr\u00e9sente politique de confidentialit\u00e9 d\u00e9crit la mani\u00e8re dont Studio Abysse collecte, utilise et prot\u00e8ge les donn\u00e9es personnelles.","robots":{"index":"index","follow":"follow","max-snippet":"max-snippet:-1","max-image-preview":"max-image-preview:large","max-video-preview":"max-video-preview:-1"},"canonical":"https:\/\/www.studio-abysse.fr\/index.php\/politique-de-confidentialite\/","og_locale":"fr_FR","og_type":"article","og_title":"Politique de confidentialit\u00e9 - Studio Abysse","og_description":"La pr\u00e9sente politique de confidentialit\u00e9 d\u00e9crit la mani\u00e8re dont Studio Abysse collecte, utilise et prot\u00e8ge les donn\u00e9es personnelles.","og_url":"https:\/\/www.studio-abysse.fr\/index.php\/politique-de-confidentialite\/","og_site_name":"Studio Abysse","article_modified_time":"2026-02-17T14:46:01+00:00","og_image":[{"width":1200,"height":675,"url":"https:\/\/www.studio-abysse.fr\/wp-content\/uploads\/2026\/02\/abysse-img.png","type":"image\/png"}],"twitter_card":"summary_large_image","twitter_site":"@StudioAbysse","twitter_misc":{"Dur\u00e9e de lecture estim\u00e9e":"2 minutes"},"schema":{"@context":"https:\/\/schema.org","@graph":[{"@type":"WebPage","@id":"https:\/\/www.studio-abysse.fr\/index.php\/politique-de-confidentialite\/","url":"https:\/\/www.studio-abysse.fr\/index.php\/politique-de-confidentialite\/","name":"Politique de confidentialit\u00e9 - Studio Abysse","isPartOf":{"@id":"https:\/\/www.studio-abysse.fr\/#website"},"datePublished":"2026-01-21T15:28:46+00:00","dateModified":"2026-02-17T14:46:01+00:00","description":"La pr\u00e9sente politique de confidentialit\u00e9 d\u00e9crit la mani\u00e8re dont Studio Abysse collecte, utilise et prot\u00e8ge les donn\u00e9es personnelles.","breadcrumb":{"@id":"https:\/\/www.studio-abysse.fr\/index.php\/politique-de-confidentialite\/#breadcrumb"},"inLanguage":"fr-FR","potentialAction":[{"@type":"ReadAction","target":["https:\/\/www.studio-abysse.fr\/index.php\/politique-de-confidentialite\/"]}]},{"@type":"BreadcrumbList","@id":"https:\/\/www.studio-abysse.fr\/index.php\/politique-de-confidentialite\/#breadcrumb","itemListElement":[{"@type":"ListItem","position":1,"name":"Home","item":"https:\/\/www.studio-abysse.fr\/"},{"@type":"ListItem","position":2,"name":"Politique de confidentialit\u00e9"}]},{"@type":"WebSite","@id":"https:\/\/www.studio-abysse.fr\/#website","url":"https:\/\/www.studio-abysse.fr\/","name":"Studio Abysse","description":"Plongeons au c\u0153ur de vos projets","publisher":{"@id":"https:\/\/www.studio-abysse.fr\/#organization"},"inLanguage":"fr-FR"},{"@type":"Organization","@id":"https:\/\/www.studio-abysse.fr\/#organization","name":"Studio Abysse","url":"https:\/\/www.studio-abysse.fr\/","logo":{"@type":"ImageObject","inLanguage":"fr-FR","@id":"https:\/\/www.studio-abysse.fr\/#\/schema\/logo\/image\/","url":"https:\/\/www.studio-abysse.fr\/wp-content\/uploads\/2026\/01\/cropped-cropped-Studio_Abysse_Horizontal_Logo_Full_Color_White-1.png","contentUrl":"https:\/\/www.studio-abysse.fr\/wp-content\/uploads\/2026\/01\/cropped-cropped-Studio_Abysse_Horizontal_Logo_Full_Color_White-1.png","width":2113,"height":578,"caption":"Studio Abysse"},"image":{"@id":"https:\/\/www.studio-abysse.fr\/#\/schema\/logo\/image\/"},"sameAs":["https:\/\/x.com\/StudioAbysse","https:\/\/www.instagram.com\/studio_abysse\/","https:\/\/www.linkedin.com\/company\/studioabysse\/","https:\/\/www.tiktok.com\/@studio_abysse","https:\/\/www.youtube.com\/@StudioAbysseFR"]}]}},"_links":{"self":[{"href":"https:\/\/www.studio-abysse.fr\/index.php\/wp-json\/wp\/v2\/pages\/708","targetHints":{"allow":["GET"]}}],"collection":[{"href":"https:\/\/www.studio-abysse.fr\/index.php\/wp-json\/wp\/v2\/pages"}],"about":[{"href":"https:\/\/www.studio-abysse.fr\/index.php\/wp-json\/wp\/v2\/types\/page"}],"author":[{"embeddable":true,"href":"https:\/\/www.studio-abysse.fr\/index.php\/wp-json\/wp\/v2\/users\/1"}],"replies":[{"embeddable":true,"href":"https:\/\/www.studio-abysse.fr\/index.php\/wp-json\/wp\/v2\/comments?post=708"}],"version-history":[{"count":28,"href":"https:\/\/www.studio-abysse.fr\/index.php\/wp-json\/wp\/v2\/pages\/708\/revisions"}],"predecessor-version":[{"id":4010,"href":"https:\/\/www.studio-abysse.fr\/index.php\/wp-json\/wp\/v2\/pages\/708\/revisions\/4010"}],"wp:attachment":[{"href":"https:\/\/www.studio-abysse.fr\/index.php\/wp-json\/wp\/v2\/media?parent=708"}],"curies":[{"name":"wp","href":"https:\/\/api.w.org\/{rel}","templated":true}]}}