{"id":741,"date":"2026-01-21T15:55:41","date_gmt":"2026-01-21T15:55:41","guid":{"rendered":"https:\/\/www.tempwordpress.studio-abysse.fr\/?page_id=741"},"modified":"2026-02-22T13:47:58","modified_gmt":"2026-02-22T13:47:58","slug":"contact","status":"publish","type":"page","link":"https:\/\/www.studio-abysse.fr\/index.php\/contact\/","title":{"rendered":"Contact"},"content":{"rendered":"\t\t<div data-elementor-type=\"wp-page\" data-elementor-id=\"741\" class=\"elementor elementor-741\">\n\t\t\t\t<div class=\"elementor-element elementor-element-ea8a200 e-con-full e-flex e-con e-parent\" data-id=\"ea8a200\" data-element_type=\"container\" data-e-type=\"container\">\n\t\t<div class=\"elementor-element elementor-element-ff1f6c9 e-con-full e-flex e-con e-child\" data-id=\"ff1f6c9\" data-element_type=\"container\" data-e-type=\"container\">\n\t\t<div class=\"elementor-element elementor-element-41977fd e-con-full e-flex e-con e-child\" data-id=\"41977fd\" data-element_type=\"container\" data-e-type=\"container\">\n\t\t\t\t<div class=\"elementor-element elementor-element-95410af elementor-widget elementor-widget-heading\" data-id=\"95410af\" data-element_type=\"widget\" data-e-type=\"widget\" data-widget_type=\"heading.default\">\n\t\t\t\t\t<h1 class=\"elementor-heading-title elementor-size-default\">CONTACT<\/h1>\t\t\t\t<\/div>\n\t\t\t\t<div class=\"elementor-element elementor-element-425ec8e elementor-widget elementor-widget-text-editor\" data-id=\"425ec8e\" data-element_type=\"widget\" data-e-type=\"widget\" data-widget_type=\"text-editor.default\">\n\t\t\t\t\t\t\t\t\t<span style=\"font-weight: 400;\">Vous pouvez nous contacter via ce portail pour toute demande de collaboration ou de question. Notre \u00e9quipe essayera de vous r\u00e9pondre au plus vite. N&rsquo;h\u00e9sitez pas \u00e0 allez faire un tour sur notre FAQ, nous avons peut-\u00eatre d\u00e9j\u00e0 r\u00e9pondu \u00e0 votre question ! <\/span>\t\t\t\t\t\t\t\t<\/div>\n\t\t\t\t<div class=\"elementor-element elementor-element-18820df elementor-align-center elementor-mobile-align-left elementor-widget elementor-widget-button\" data-id=\"18820df\" data-element_type=\"widget\" data-e-type=\"widget\" data-widget_type=\"button.default\">\n\t\t\t\t\t\t\t\t\t\t<a class=\"elementor-button elementor-button-link elementor-size-sm\" href=\"https:\/\/www.studio-abysse.fr\/index.php\/nos-services\/#faq\">\n\t\t\t\t\t\t<span class=\"elementor-button-content-wrapper\">\n\t\t\t\t\t\t\t\t\t<span class=\"elementor-button-text\">Voir la FAQ<\/span>\n\t\t\t\t\t<\/span>\n\t\t\t\t\t<\/a>\n\t\t\t\t\t\t\t\t<\/div>\n\t\t\t\t<\/div>\n\t\t<div class=\"elementor-element elementor-element-a412b68 e-con-full e-flex e-con e-child\" data-id=\"a412b68\" data-element_type=\"container\" data-e-type=\"container\">\n\t\t\t\t<div class=\"elementor-element elementor-element-fc29a49 elementor-widget elementor-widget-formidable\" data-id=\"fc29a49\" data-element_type=\"widget\" data-e-type=\"widget\" data-widget_type=\"formidable.default\">\n\t\t\t\t<div class=\"elementor-widget-container\">\n\t\t\t\t\t<div class=\"frm_forms  with_frm_style frm_style_style-formidable\" id=\"frm_form_2_container\" data-token=\"4b486a0c9439afc47bf921745c5c6289\">\n<form enctype=\"multipart\/form-data\" method=\"post\" class=\"frm-show-form \" id=\"form_contact-studio-abysse\" data-token=\"4b486a0c9439afc47bf921745c5c6289\">\n<div class=\"frm_form_fields \">\n<fieldset>\n<legend class=\"frm_screen_reader\">Contact Studio Abysse<\/legend>\r\n\r\n<div class=\"frm_fields_container\">\n<input type=\"hidden\" name=\"frm_action\" value=\"create\" \/>\n<input type=\"hidden\" name=\"form_id\" value=\"2\" \/>\n<input type=\"hidden\" name=\"frm_hide_fields_2\" id=\"frm_hide_fields_2\" value=\"\" \/>\n<input type=\"hidden\" name=\"form_key\" value=\"contact-studio-abysse\" \/>\n<input type=\"hidden\" name=\"item_meta[0]\" value=\"\" \/>\n<input type=\"hidden\" id=\"frm_submit_entry_2\" name=\"frm_submit_entry_2\" value=\"f616a39d08\" \/><input type=\"hidden\" name=\"_wp_http_referer\" value=\"\/index.php\/wp-json\/wp\/v2\/pages\/741\" \/><div id=\"frm_field_6_container\" class=\"frm_form_field form-field  frm_required_field frm_inside_container frm_half\">\r\n    <label for=\"field_qh4icy2\" class=\"frm_primary_label\">Nom\r\n        <span class=\"frm_required\">*<\/span>\r\n    <\/label>\r\n    <input type=\"text\" id=\"field_qh4icy2\" name=\"item_meta[6]\" value=\"\"  data-reqmsg=\"Nom cannot be blank.\" aria-required=\"true\" data-invmsg=\"Nom est non valide\" aria-invalid=\"false\"  \/>\r\n    \r\n    \r\n<\/div>\n<div id=\"frm_field_7_container\" class=\"frm_form_field form-field  frm_required_field frm_inside_container frm_half\">\r\n    <label for=\"field_ocfup12\" class=\"frm_primary_label\">Pr\u00e9nom\r\n        <span class=\"frm_required\">*<\/span>\r\n    <\/label>\r\n    <input type=\"text\" id=\"field_ocfup12\" name=\"item_meta[7]\" value=\"\"  data-reqmsg=\"Pr\u00e9nom cannot be blank.\" aria-required=\"true\" data-invmsg=\"Pr\u00e9nom est non valide\" aria-invalid=\"false\"  \/>\r\n    \r\n    \r\n<\/div>\n<div id=\"frm_field_8_container\" class=\"frm_form_field form-field  frm_required_field frm_inside_container frm_full\">\r\n    <label for=\"field_29yf4d2\" class=\"frm_primary_label\">Adresse e-mail\r\n        <span class=\"frm_required\">*<\/span>\r\n    <\/label>\r\n    <input type=\"email\" id=\"field_29yf4d2\" name=\"item_meta[8]\" value=\"\"  data-reqmsg=\"Adresse e-mail cannot be blank.\" aria-required=\"true\" data-invmsg=\"Please enter a valid email address\" aria-invalid=\"false\"  \/>\r\n    \r\n    \r\n<\/div>\n<div id=\"frm_field_9_container\" class=\"frm_form_field form-field  frm_required_field frm_inside_container frm_full\">\r\n    <label for=\"field_e6lis62\" class=\"frm_primary_label\">Objet\r\n        <span class=\"frm_required\">*<\/span>\r\n    <\/label>\r\n    <input type=\"text\" id=\"field_e6lis62\" name=\"item_meta[9]\" value=\"\"  data-reqmsg=\"Objet cannot be blank.\" aria-required=\"true\" data-invmsg=\"Objet est non valide\" aria-invalid=\"false\"  \/>\r\n    \r\n    \r\n<\/div>\n<div id=\"frm_field_10_container\" class=\"frm_form_field form-field  frm_required_field frm_inside_container frm12 frm_first\">\r\n    <label for=\"field_9jv0r12\" class=\"frm_primary_label\">Message\r\n        <span class=\"frm_required\">*<\/span>\r\n    <\/label>\r\n    <textarea name=\"item_meta[10]\" id=\"field_9jv0r12\" rows=\"5\"  data-reqmsg=\"Message cannot be blank.\" aria-required=\"true\" data-invmsg=\"Message est non valide\" aria-invalid=\"false\"  ><\/textarea>\r\n    \r\n    \r\n<\/div>\n<div id=\"frm_field_13_container\" class=\"frm_form_field form-field  frm_required_field frm_hidden_container frm12 frm_first horizontal_radio\">\r\n\t<div  id=\"field_yei91_label\" class=\"frm_primary_label\">\r\n\t\t<span class=\"frm_required\" aria-hidden=\"true\"><\/span>\r\n\t<\/div>\r\n\t<div class=\"frm_opt_container\" aria-labelledby=\"field_yei91_label\" role=\"group\">\t\t<div class=\"frm_checkbox\" id=\"frm_checkbox_13-0\">\t\t\t<label  for=\"field_yei91-0\">\n\t\t\t<input type=\"checkbox\" name=\"item_meta[13][]\" id=\"field_yei91-0\" value=\"J&#039;accepte que le Studio Abysse utilise mes donn\u00e9es pour r\u00e9pondre \u00e0 ma demande. Je peux consulter la politique de confidentialit\u00e9 ici (dur\u00e9e de conservation : 12 mois).*\"  data-reqmsg=\"Ce champ ne peut pas \u00eatre vide.\" data-invmsg=\"Ce champ est non valide\"   aria-required=\"true\"  \/> J'accepte que le Studio Abysse utilise mes donn\u00e9es pour r\u00e9pondre \u00e0 ma demande. Je peux consulter la politique de confidentialit\u00e9 ici (dur\u00e9e de conservation : 12 mois).*<\/label><\/div>\n<\/div>\r\n\t\r\n\t\r\n<\/div>\n<div id=\"frm_field_11_container\" class=\"frm_form_field form-field  frm12 frm_first\">\r\n\t<div class=\"frm_submit\">\r\n\r\n<button class=\"frm_button_submit\" type=\"submit\" >Envoyer ma demande<\/button>\r\n\r\n<\/div>\r\n<\/div>\n\t<input type=\"hidden\" name=\"item_key\" value=\"\" \/>\n\t\t\t<div id=\"frm_field_16_container\">\n\t\t\t<label for=\"field_doobt\" >\n\t\t\t\tSi vous \u00eates un humain, ne remplissez pas ce champ.\t\t\t<\/label>\n\t\t\t<input  id=\"field_doobt\" type=\"text\" class=\"frm_form_field form-field frm_verify\" name=\"item_meta[16]\" value=\"\"  \/>\n\t\t<\/div>\n\t\t<input name=\"frm_state\" type=\"hidden\" value=\"MkliViuQH7Tz76b6hH0DF6d9UB7w63D7ACgRzl0KWmU=\" \/><\/div>\n<\/fieldset>\n<\/div>\n\n<\/form>\n<\/div>\n\t\t\t\t<\/div>\n\t\t\t\t<\/div>\n\t\t<div class=\"elementor-element elementor-element-047280c e-con-full e-flex e-con e-child\" data-id=\"047280c\" data-element_type=\"container\" data-e-type=\"container\" data-settings=\"{&quot;background_background&quot;:&quot;classic&quot;}\">\n\t\t<div class=\"elementor-element elementor-element-da88a1d e-con-full e-flex e-con e-child\" data-id=\"da88a1d\" data-element_type=\"container\" data-e-type=\"container\" id=\"formulaire\" data-settings=\"{&quot;background_background&quot;:&quot;classic&quot;}\">\n\t\t<div class=\"elementor-element elementor-element-cdef871 e-con-full e-flex e-con e-child\" data-id=\"cdef871\" data-element_type=\"container\" data-e-type=\"container\">\n\t\t<div class=\"elementor-element elementor-element-ddd1ff4 e-con-full e-flex e-con e-child\" data-id=\"ddd1ff4\" data-element_type=\"container\" data-e-type=\"container\">\n\t\t\t\t<div class=\"elementor-element elementor-element-19a77d6 elementor-widget__width-initial e-transform elementor-widget elementor-widget-image\" data-id=\"19a77d6\" data-element_type=\"widget\" data-e-type=\"widget\" data-settings=\"{&quot;_transform_rotateZ_effect&quot;:{&quot;unit&quot;:&quot;px&quot;,&quot;size&quot;:7,&quot;sizes&quot;:[]},&quot;_transform_rotateZ_effect_tablet&quot;:{&quot;unit&quot;:&quot;deg&quot;,&quot;size&quot;:&quot;&quot;,&quot;sizes&quot;:[]},&quot;_transform_rotateZ_effect_mobile&quot;:{&quot;unit&quot;:&quot;deg&quot;,&quot;size&quot;:&quot;&quot;,&quot;sizes&quot;:[]}}\" data-widget_type=\"image.default\">\n\t\t\t\t\t\t\t\t\t\t\t\t\t\t\t<img fetchpriority=\"high\" decoding=\"async\" width=\"1024\" height=\"814\" src=\"https:\/\/www.studio-abysse.fr\/wp-content\/uploads\/2026\/01\/Bulle_dialogue-1024x814.png\" class=\"attachment-large size-large wp-image-350\" alt=\"\" srcset=\"https:\/\/www.studio-abysse.fr\/wp-content\/uploads\/2026\/01\/Bulle_dialogue-1024x814.png 1024w, https:\/\/www.studio-abysse.fr\/wp-content\/uploads\/2026\/01\/Bulle_dialogue-300x239.png 300w, https:\/\/www.studio-abysse.fr\/wp-content\/uploads\/2026\/01\/Bulle_dialogue-768x611.png 768w, https:\/\/www.studio-abysse.fr\/wp-content\/uploads\/2026\/01\/Bulle_dialogue.png 1246w\" sizes=\"(max-width: 1024px) 100vw, 1024px\" \/>\t\t\t\t\t\t\t\t\t\t\t\t\t\t\t<\/div>\n\t\t\t\t<div class=\"elementor-element elementor-element-e0e0f81 elementor-widget elementor-widget-heading\" data-id=\"e0e0f81\" data-element_type=\"widget\" data-e-type=\"widget\" data-widget_type=\"heading.default\">\n\t\t\t\t\t<h3 class=\"elementor-heading-title elementor-size-default\">NOUS RECRUTONS <br>DES COM\u00c9DIENS.NES !<\/h3>\t\t\t\t<\/div>\n\t\t\t\t<\/div>\n\t\t\t\t<div class=\"elementor-element elementor-element-b4d67d1 elementor-widget elementor-widget-text-editor\" data-id=\"b4d67d1\" data-element_type=\"widget\" data-e-type=\"widget\" data-widget_type=\"text-editor.default\">\n\t\t\t\t\t\t\t\t\t<p>Studio Abysse est toujours \u00e0 la recherche de nouveaux profils pour ses futurs projets. Si vous pensez correspondre \u00e0 nos besoins, n\u2019h\u00e9sitez pas \u00e0 remplir le formulaire ci-dessous.<\/p>\n<p>\u00c0 noter : aucune r\u00e9ponse n\u2019est \u00e0 attendre. Votre candidature sera ajout\u00e9e \u00e0 notre base de donn\u00e9es et nos directeur\u00b7rices artistiques vous contacteront directement si votre profil correspond \u00e0 un projet.<\/p>\t\t\t\t\t\t\t\t<\/div>\n\t\t\t\t<div class=\"elementor-element elementor-element-bc1d3c7 elementor-widget elementor-widget-button\" data-id=\"bc1d3c7\" data-element_type=\"widget\" data-e-type=\"widget\" data-widget_type=\"button.default\">\n\t\t\t\t\t\t\t\t\t\t<a class=\"elementor-button elementor-button-link elementor-size-sm\" href=\"https:\/\/docs.google.com\/forms\/d\/e\/1FAIpQLSeh9AqY2d4D4KiMH75uRhmKLpbOjMBvqgONpT6RTCD2Z3r37A\/viewform\" target=\"_blank\">\n\t\t\t\t\t\t<span class=\"elementor-button-content-wrapper\">\n\t\t\t\t\t\t<span class=\"elementor-button-icon\">\n\t\t\t\t<i aria-hidden=\"true\" class=\"phl phlight-microphone\"><\/i>\t\t\t<\/span>\n\t\t\t\t\t\t\t\t\t<span class=\"elementor-button-text\">Rejoignez-nous<\/span>\n\t\t\t\t\t<\/span>\n\t\t\t\t\t<\/a>\n\t\t\t\t\t\t\t\t<\/div>\n\t\t\t\t<\/div>\n\t\t\t\t<\/div>\n\t\t\t\t<div class=\"elementor-element elementor-element-35d4a72 elementor-widget elementor-widget-image\" data-id=\"35d4a72\" data-element_type=\"widget\" data-e-type=\"widget\" data-widget_type=\"image.default\">\n\t\t\t\t\t\t\t\t\t\t\t\t\t\t\t<img decoding=\"async\" width=\"2560\" height=\"1440\" src=\"https:\/\/www.studio-abysse.fr\/wp-content\/uploads\/2026\/01\/Studio_02_retouche-scaled.png\" class=\"attachment-full size-full wp-image-770\" alt=\"\" srcset=\"https:\/\/www.studio-abysse.fr\/wp-content\/uploads\/2026\/01\/Studio_02_retouche-scaled.png 2560w, https:\/\/www.studio-abysse.fr\/wp-content\/uploads\/2026\/01\/Studio_02_retouche-300x169.png 300w, https:\/\/www.studio-abysse.fr\/wp-content\/uploads\/2026\/01\/Studio_02_retouche-1024x576.png 1024w, https:\/\/www.studio-abysse.fr\/wp-content\/uploads\/2026\/01\/Studio_02_retouche-768x432.png 768w, https:\/\/www.studio-abysse.fr\/wp-content\/uploads\/2026\/01\/Studio_02_retouche-1536x864.png 1536w, https:\/\/www.studio-abysse.fr\/wp-content\/uploads\/2026\/01\/Studio_02_retouche-2048x1152.png 2048w, https:\/\/www.studio-abysse.fr\/wp-content\/uploads\/2026\/01\/Studio_02_retouche-800x450.png 800w\" sizes=\"(max-width: 2560px) 100vw, 2560px\" \/>\t\t\t\t\t\t\t\t\t\t\t\t\t\t\t<\/div>\n\t\t\t\t<\/div>\n\t\t\t\t<\/div>\n\t\t\t\t<\/div>\n\t\t\t\t<\/div>\n\t\t\t\t<\/div>\n\t\t","protected":false},"excerpt":{"rendered":"<p>CONTACT Vous pouvez nous contacter via ce portail pour toute demande de collaboration ou de question. Notre \u00e9quipe essayera de vous r\u00e9pondre au plus vite. N&rsquo;h\u00e9sitez pas \u00e0 allez faire un tour sur notre FAQ, nous avons peut-\u00eatre d\u00e9j\u00e0 r\u00e9pondu \u00e0 votre question ! Voir la FAQ Contact Studio Abysse Nom * Pr\u00e9nom * Adresse [&hellip;]<\/p>\n","protected":false},"author":1,"featured_media":0,"parent":0,"menu_order":0,"comment_status":"closed","ping_status":"closed","template":"","meta":{"footnotes":""},"class_list":["post-741","page","type-page","status-publish","hentry","entry"],"yoast_head":"<!-- This site is optimized with the Yoast SEO plugin v27.3 - https:\/\/yoast.com\/product\/yoast-seo-wordpress\/ -->\n<title>Contact - Studio Abysse<\/title>\n<meta name=\"description\" content=\"Vous pouvez nous contacter via ce portail pour toute demande de collaboration, de projets ou de questions.\" \/>\n<meta name=\"robots\" content=\"index, follow, max-snippet:-1, max-image-preview:large, max-video-preview:-1\" \/>\n<link rel=\"canonical\" href=\"https:\/\/www.studio-abysse.fr\/index.php\/contact\/\" \/>\n<meta property=\"og:locale\" content=\"fr_FR\" \/>\n<meta property=\"og:type\" content=\"article\" \/>\n<meta property=\"og:title\" content=\"Contact - Studio Abysse\" \/>\n<meta property=\"og:description\" content=\"Vous pouvez nous contacter via ce portail pour toute demande de collaboration, de projets ou de questions.\" \/>\n<meta property=\"og:url\" content=\"https:\/\/www.studio-abysse.fr\/index.php\/contact\/\" \/>\n<meta property=\"og:site_name\" content=\"Studio Abysse\" \/>\n<meta property=\"article:modified_time\" content=\"2026-02-22T13:47:58+00:00\" \/>\n<meta property=\"og:image\" content=\"http:\/\/www.studio-abysse.fr\/wp-content\/uploads\/2026\/01\/Bulle_dialogue-1024x814.png\" \/>\n<meta name=\"twitter:card\" content=\"summary_large_image\" \/>\n<meta name=\"twitter:site\" content=\"@StudioAbysse\" \/>\n<meta name=\"twitter:label1\" content=\"Dur\u00e9e de lecture estim\u00e9e\" \/>\n\t<meta name=\"twitter:data1\" content=\"1 minute\" \/>\n<script type=\"application\/ld+json\" class=\"yoast-schema-graph\">{\"@context\":\"https:\\\/\\\/schema.org\",\"@graph\":[{\"@type\":\"WebPage\",\"@id\":\"https:\\\/\\\/www.studio-abysse.fr\\\/index.php\\\/contact\\\/\",\"url\":\"https:\\\/\\\/www.studio-abysse.fr\\\/index.php\\\/contact\\\/\",\"name\":\"Contact - Studio Abysse\",\"isPartOf\":{\"@id\":\"https:\\\/\\\/www.studio-abysse.fr\\\/#website\"},\"primaryImageOfPage\":{\"@id\":\"https:\\\/\\\/www.studio-abysse.fr\\\/index.php\\\/contact\\\/#primaryimage\"},\"image\":{\"@id\":\"https:\\\/\\\/www.studio-abysse.fr\\\/index.php\\\/contact\\\/#primaryimage\"},\"thumbnailUrl\":\"http:\\\/\\\/www.studio-abysse.fr\\\/wp-content\\\/uploads\\\/2026\\\/01\\\/Bulle_dialogue-1024x814.png\",\"datePublished\":\"2026-01-21T15:55:41+00:00\",\"dateModified\":\"2026-02-22T13:47:58+00:00\",\"description\":\"Vous pouvez nous contacter via ce portail pour toute demande de collaboration, de projets ou de questions.\",\"breadcrumb\":{\"@id\":\"https:\\\/\\\/www.studio-abysse.fr\\\/index.php\\\/contact\\\/#breadcrumb\"},\"inLanguage\":\"fr-FR\",\"potentialAction\":[{\"@type\":\"ReadAction\",\"target\":[\"https:\\\/\\\/www.studio-abysse.fr\\\/index.php\\\/contact\\\/\"]}]},{\"@type\":\"ImageObject\",\"inLanguage\":\"fr-FR\",\"@id\":\"https:\\\/\\\/www.studio-abysse.fr\\\/index.php\\\/contact\\\/#primaryimage\",\"url\":\"https:\\\/\\\/www.studio-abysse.fr\\\/wp-content\\\/uploads\\\/2026\\\/01\\\/Bulle_dialogue.png\",\"contentUrl\":\"https:\\\/\\\/www.studio-abysse.fr\\\/wp-content\\\/uploads\\\/2026\\\/01\\\/Bulle_dialogue.png\",\"width\":1246,\"height\":991},{\"@type\":\"BreadcrumbList\",\"@id\":\"https:\\\/\\\/www.studio-abysse.fr\\\/index.php\\\/contact\\\/#breadcrumb\",\"itemListElement\":[{\"@type\":\"ListItem\",\"position\":1,\"name\":\"Home\",\"item\":\"https:\\\/\\\/www.studio-abysse.fr\\\/\"},{\"@type\":\"ListItem\",\"position\":2,\"name\":\"Contact\"}]},{\"@type\":\"WebSite\",\"@id\":\"https:\\\/\\\/www.studio-abysse.fr\\\/#website\",\"url\":\"https:\\\/\\\/www.studio-abysse.fr\\\/\",\"name\":\"Studio Abysse\",\"description\":\"Plongeons au c\u0153ur de vos projets\",\"publisher\":{\"@id\":\"https:\\\/\\\/www.studio-abysse.fr\\\/#organization\"},\"inLanguage\":\"fr-FR\"},{\"@type\":\"Organization\",\"@id\":\"https:\\\/\\\/www.studio-abysse.fr\\\/#organization\",\"name\":\"Studio Abysse\",\"url\":\"https:\\\/\\\/www.studio-abysse.fr\\\/\",\"logo\":{\"@type\":\"ImageObject\",\"inLanguage\":\"fr-FR\",\"@id\":\"https:\\\/\\\/www.studio-abysse.fr\\\/#\\\/schema\\\/logo\\\/image\\\/\",\"url\":\"https:\\\/\\\/www.studio-abysse.fr\\\/wp-content\\\/uploads\\\/2026\\\/01\\\/cropped-cropped-Studio_Abysse_Horizontal_Logo_Full_Color_White-1.png\",\"contentUrl\":\"https:\\\/\\\/www.studio-abysse.fr\\\/wp-content\\\/uploads\\\/2026\\\/01\\\/cropped-cropped-Studio_Abysse_Horizontal_Logo_Full_Color_White-1.png\",\"width\":2113,\"height\":578,\"caption\":\"Studio Abysse\"},\"image\":{\"@id\":\"https:\\\/\\\/www.studio-abysse.fr\\\/#\\\/schema\\\/logo\\\/image\\\/\"},\"sameAs\":[\"https:\\\/\\\/x.com\\\/StudioAbysse\",\"https:\\\/\\\/www.instagram.com\\\/studio_abysse\\\/\",\"https:\\\/\\\/www.linkedin.com\\\/company\\\/studioabysse\\\/\",\"https:\\\/\\\/www.tiktok.com\\\/@studio_abysse\",\"https:\\\/\\\/www.youtube.com\\\/@StudioAbysseFR\"]}]}<\/script>\n<!-- \/ Yoast SEO plugin. -->","yoast_head_json":{"title":"Contact - Studio Abysse","description":"Vous pouvez nous contacter via ce portail pour toute demande de collaboration, de projets ou de questions.","robots":{"index":"index","follow":"follow","max-snippet":"max-snippet:-1","max-image-preview":"max-image-preview:large","max-video-preview":"max-video-preview:-1"},"canonical":"https:\/\/www.studio-abysse.fr\/index.php\/contact\/","og_locale":"fr_FR","og_type":"article","og_title":"Contact - Studio Abysse","og_description":"Vous pouvez nous contacter via ce portail pour toute demande de collaboration, de projets ou de questions.","og_url":"https:\/\/www.studio-abysse.fr\/index.php\/contact\/","og_site_name":"Studio Abysse","article_modified_time":"2026-02-22T13:47:58+00:00","og_image":[{"url":"http:\/\/www.studio-abysse.fr\/wp-content\/uploads\/2026\/01\/Bulle_dialogue-1024x814.png","type":"","width":"","height":""}],"twitter_card":"summary_large_image","twitter_site":"@StudioAbysse","twitter_misc":{"Dur\u00e9e de lecture estim\u00e9e":"1 minute"},"schema":{"@context":"https:\/\/schema.org","@graph":[{"@type":"WebPage","@id":"https:\/\/www.studio-abysse.fr\/index.php\/contact\/","url":"https:\/\/www.studio-abysse.fr\/index.php\/contact\/","name":"Contact - Studio Abysse","isPartOf":{"@id":"https:\/\/www.studio-abysse.fr\/#website"},"primaryImageOfPage":{"@id":"https:\/\/www.studio-abysse.fr\/index.php\/contact\/#primaryimage"},"image":{"@id":"https:\/\/www.studio-abysse.fr\/index.php\/contact\/#primaryimage"},"thumbnailUrl":"http:\/\/www.studio-abysse.fr\/wp-content\/uploads\/2026\/01\/Bulle_dialogue-1024x814.png","datePublished":"2026-01-21T15:55:41+00:00","dateModified":"2026-02-22T13:47:58+00:00","description":"Vous pouvez nous contacter via ce portail pour toute demande de collaboration, de projets ou de questions.","breadcrumb":{"@id":"https:\/\/www.studio-abysse.fr\/index.php\/contact\/#breadcrumb"},"inLanguage":"fr-FR","potentialAction":[{"@type":"ReadAction","target":["https:\/\/www.studio-abysse.fr\/index.php\/contact\/"]}]},{"@type":"ImageObject","inLanguage":"fr-FR","@id":"https:\/\/www.studio-abysse.fr\/index.php\/contact\/#primaryimage","url":"https:\/\/www.studio-abysse.fr\/wp-content\/uploads\/2026\/01\/Bulle_dialogue.png","contentUrl":"https:\/\/www.studio-abysse.fr\/wp-content\/uploads\/2026\/01\/Bulle_dialogue.png","width":1246,"height":991},{"@type":"BreadcrumbList","@id":"https:\/\/www.studio-abysse.fr\/index.php\/contact\/#breadcrumb","itemListElement":[{"@type":"ListItem","position":1,"name":"Home","item":"https:\/\/www.studio-abysse.fr\/"},{"@type":"ListItem","position":2,"name":"Contact"}]},{"@type":"WebSite","@id":"https:\/\/www.studio-abysse.fr\/#website","url":"https:\/\/www.studio-abysse.fr\/","name":"Studio Abysse","description":"Plongeons au c\u0153ur de vos projets","publisher":{"@id":"https:\/\/www.studio-abysse.fr\/#organization"},"inLanguage":"fr-FR"},{"@type":"Organization","@id":"https:\/\/www.studio-abysse.fr\/#organization","name":"Studio Abysse","url":"https:\/\/www.studio-abysse.fr\/","logo":{"@type":"ImageObject","inLanguage":"fr-FR","@id":"https:\/\/www.studio-abysse.fr\/#\/schema\/logo\/image\/","url":"https:\/\/www.studio-abysse.fr\/wp-content\/uploads\/2026\/01\/cropped-cropped-Studio_Abysse_Horizontal_Logo_Full_Color_White-1.png","contentUrl":"https:\/\/www.studio-abysse.fr\/wp-content\/uploads\/2026\/01\/cropped-cropped-Studio_Abysse_Horizontal_Logo_Full_Color_White-1.png","width":2113,"height":578,"caption":"Studio Abysse"},"image":{"@id":"https:\/\/www.studio-abysse.fr\/#\/schema\/logo\/image\/"},"sameAs":["https:\/\/x.com\/StudioAbysse","https:\/\/www.instagram.com\/studio_abysse\/","https:\/\/www.linkedin.com\/company\/studioabysse\/","https:\/\/www.tiktok.com\/@studio_abysse","https:\/\/www.youtube.com\/@StudioAbysseFR"]}]}},"_links":{"self":[{"href":"https:\/\/www.studio-abysse.fr\/index.php\/wp-json\/wp\/v2\/pages\/741","targetHints":{"allow":["GET"]}}],"collection":[{"href":"https:\/\/www.studio-abysse.fr\/index.php\/wp-json\/wp\/v2\/pages"}],"about":[{"href":"https:\/\/www.studio-abysse.fr\/index.php\/wp-json\/wp\/v2\/types\/page"}],"author":[{"embeddable":true,"href":"https:\/\/www.studio-abysse.fr\/index.php\/wp-json\/wp\/v2\/users\/1"}],"replies":[{"embeddable":true,"href":"https:\/\/www.studio-abysse.fr\/index.php\/wp-json\/wp\/v2\/comments?post=741"}],"version-history":[{"count":118,"href":"https:\/\/www.studio-abysse.fr\/index.php\/wp-json\/wp\/v2\/pages\/741\/revisions"}],"predecessor-version":[{"id":4355,"href":"https:\/\/www.studio-abysse.fr\/index.php\/wp-json\/wp\/v2\/pages\/741\/revisions\/4355"}],"wp:attachment":[{"href":"https:\/\/www.studio-abysse.fr\/index.php\/wp-json\/wp\/v2\/media?parent=741"}],"curies":[{"name":"wp","href":"https:\/\/api.w.org\/{rel}","templated":true}]}}